{"id":2370,"date":"2024-06-27T09:09:30","date_gmt":"2024-06-27T09:09:30","guid":{"rendered":"https:\/\/bestservicesgrancanaria.com\/?post_type=product&#038;p=2370"},"modified":"2024-10-05T10:19:29","modified_gmt":"2024-10-05T10:19:29","slug":"superkatze","status":"publish","type":"product","link":"https:\/\/www.bestservicesgrancanaria.com\/de\/product\/supercat\/","title":{"rendered":"Supercat Katamaran Delfincharter"},"content":{"rendered":"<p><span style=\"font-weight: 400;\">*Gro\u00dfer Katamaran-Delfin-Charter* \ud83d\udc2c<\/span><\/p>\n<p><span style=\"font-weight: 400;\">Unser Supercat-Katamaran bietet Ihnen das einzigartige Erlebnis, die K\u00fcste von Bord unseres Bootes aus der Ferne zu beobachten. Genie\u00dfen Sie unsere offene Bar, tauchen Sie ein ins Schnorcheln. Beobachten Sie die nat\u00fcrlichen Str\u00e4nde, die riesigen Klippen und den wundersch\u00f6nen Atlantik. Wir haben t\u00e4gliche Abfahrten von Puerto Rico Base und Anker, damit Sie im Meer baden k\u00f6nnen. Unsere erfahrene Crew sorgt f\u00fcr Ihre Sicherheit und Unterhaltung. An Bord unseres gr\u00f6\u00dften Katamarans k\u00f6nnen Wassersportaktivit\u00e4ten mit enormen Rabatten gebucht werden!<\/span><\/p>\n<p><br style=\"font-weight: 400;\" \/><br style=\"font-weight: 400;\" \/><\/p>","protected":false},"excerpt":{"rendered":"<p>*Large Catamaran Dolphin Charter* \ud83d\udc2c Our Supercat catamaran offers you the unique experience of observing the coast from afar on board our boat. Enjoy our open bar, dive into snorkeling. Observe the natural beaches, Huge cliffs and beautiful Atlantic Ocean. We have daily departures from Puerto Rico Base and anchor so that you can take [&hellip;]<\/p>\n","protected":false},"featured_media":1137,"comment_status":"open","ping_status":"closed","template":"","meta":[],"product_brand":[],"product_cat":[28],"product_tag":[41,38,40,37],"class_list":{"0":"post-2370","1":"product","2":"type-product","3":"status-publish","4":"has-post-thumbnail","6":"product_cat-boat-trips","7":"product_tag-2-hour","8":"product_tag-drinks-included","9":"product_tag-food-included","10":"product_tag-pickup-available","12":"first","13":"instock","14":"sold-individually","15":"shipping-taxable","16":"purchasable","17":"product-type-booking"},"yoast_head":"<!-- This site is optimized with the Yoast SEO plugin v27.5 - https:\/\/yoast.com\/product\/yoast-seo-wordpress\/ -->\n<title>Supercat Catamaran Dolphin Charter - Best Services Gran Canaria<\/title>\n<meta name=\"robots\" content=\"index, follow, max-snippet:-1, max-image-preview:large, max-video-preview:-1\" \/>\n<link rel=\"canonical\" href=\"https:\/\/www.bestservicesgrancanaria.com\/de\/produkt\/superkatze\/\" \/>\n<meta property=\"og:locale\" content=\"de_DE\" \/>\n<meta property=\"og:type\" content=\"article\" \/>\n<meta property=\"og:title\" content=\"Supercat Catamaran Dolphin Charter - Best Services Gran Canaria\" \/>\n<meta property=\"og:description\" content=\"*Large Catamaran Dolphin Charter* \ud83d\udc2c Our Supercat catamaran offers you the unique experience of observing the coast from afar on board our boat. Enjoy our open bar, dive into snorkeling. Observe the natural beaches, Huge cliffs and beautiful Atlantic Ocean. We have daily departures from Puerto Rico Base and anchor so that you can take [&hellip;]\" \/>\n<meta property=\"og:url\" content=\"https:\/\/www.bestservicesgrancanaria.com\/de\/produkt\/superkatze\/\" \/>\n<meta property=\"og:site_name\" content=\"Best Services Gran Canaria\" \/>\n<meta property=\"article:publisher\" content=\"https:\/\/www.facebook.com\/bestservicegrancanaria\" \/>\n<meta property=\"article:modified_time\" content=\"2024-10-05T10:19:29+00:00\" \/>\n<meta property=\"og:image\" content=\"https:\/\/www.bestservicesgrancanaria.com\/wp-content\/uploads\/supercat-1.jpg\" \/>\n\t<meta property=\"og:image:width\" content=\"1200\" \/>\n\t<meta property=\"og:image:height\" content=\"800\" \/>\n\t<meta property=\"og:image:type\" content=\"image\/jpeg\" \/>\n<meta name=\"twitter:card\" content=\"summary_large_image\" \/>\n<script type=\"application\/ld+json\" class=\"yoast-schema-graph\">{\"@context\":\"https:\\\/\\\/schema.org\",\"@graph\":[{\"@type\":\"WebPage\",\"@id\":\"https:\\\/\\\/www.bestservicesgrancanaria.com\\\/product\\\/supercat\\\/\",\"url\":\"https:\\\/\\\/www.bestservicesgrancanaria.com\\\/product\\\/supercat\\\/\",\"name\":\"Supercat Catamaran Dolphin Charter - Best Services Gran Canaria\",\"isPartOf\":{\"@id\":\"https:\\\/\\\/www.bestservicesgrancanaria.com\\\/#website\"},\"primaryImageOfPage\":{\"@id\":\"https:\\\/\\\/www.bestservicesgrancanaria.com\\\/product\\\/supercat\\\/#primaryimage\"},\"image\":{\"@id\":\"https:\\\/\\\/www.bestservicesgrancanaria.com\\\/product\\\/supercat\\\/#primaryimage\"},\"thumbnailUrl\":\"https:\\\/\\\/www.bestservicesgrancanaria.com\\\/wp-content\\\/uploads\\\/supercat-1.jpg\",\"datePublished\":\"2024-06-27T09:09:30+00:00\",\"dateModified\":\"2024-10-05T10:19:29+00:00\",\"breadcrumb\":{\"@id\":\"https:\\\/\\\/www.bestservicesgrancanaria.com\\\/product\\\/supercat\\\/#breadcrumb\"},\"inLanguage\":\"de\",\"potentialAction\":[{\"@type\":\"ReadAction\",\"target\":[\"https:\\\/\\\/www.bestservicesgrancanaria.com\\\/product\\\/supercat\\\/\"]}]},{\"@type\":\"ImageObject\",\"inLanguage\":\"de\",\"@id\":\"https:\\\/\\\/www.bestservicesgrancanaria.com\\\/product\\\/supercat\\\/#primaryimage\",\"url\":\"https:\\\/\\\/www.bestservicesgrancanaria.com\\\/wp-content\\\/uploads\\\/supercat-1.jpg\",\"contentUrl\":\"https:\\\/\\\/www.bestservicesgrancanaria.com\\\/wp-content\\\/uploads\\\/supercat-1.jpg\",\"width\":1200,\"height\":800,\"caption\":\"Best Services Gran Canaria, Sagitarius Cat Gran Canaria Catamaran\"},{\"@type\":\"BreadcrumbList\",\"@id\":\"https:\\\/\\\/www.bestservicesgrancanaria.com\\\/product\\\/supercat\\\/#breadcrumb\",\"itemListElement\":[{\"@type\":\"ListItem\",\"position\":1,\"name\":\"Home\",\"item\":\"https:\\\/\\\/www.bestservicesgrancanaria.com\\\/\"},{\"@type\":\"ListItem\",\"position\":2,\"name\":\"Shop\",\"item\":\"https:\\\/\\\/www.bestservicesgrancanaria.com\\\/sv\\\/handla\\\/\"},{\"@type\":\"ListItem\",\"position\":3,\"name\":\"Supercat Catamaran Dolphin Charter\"}]},{\"@type\":\"WebSite\",\"@id\":\"https:\\\/\\\/www.bestservicesgrancanaria.com\\\/#website\",\"url\":\"https:\\\/\\\/www.bestservicesgrancanaria.com\\\/\",\"name\":\"Best Services Gran Canaria\",\"description\":\"Best Services Gran Canaria\",\"publisher\":{\"@id\":\"https:\\\/\\\/www.bestservicesgrancanaria.com\\\/#organization\"},\"potentialAction\":[{\"@type\":\"SearchAction\",\"target\":{\"@type\":\"EntryPoint\",\"urlTemplate\":\"https:\\\/\\\/www.bestservicesgrancanaria.com\\\/?s={search_term_string}\"},\"query-input\":{\"@type\":\"PropertyValueSpecification\",\"valueRequired\":true,\"valueName\":\"search_term_string\"}}],\"inLanguage\":\"de\"},{\"@type\":\"Organization\",\"@id\":\"https:\\\/\\\/www.bestservicesgrancanaria.com\\\/#organization\",\"name\":\"Best Services Gran Canaria\",\"url\":\"https:\\\/\\\/www.bestservicesgrancanaria.com\\\/\",\"logo\":{\"@type\":\"ImageObject\",\"inLanguage\":\"de\",\"@id\":\"https:\\\/\\\/www.bestservicesgrancanaria.com\\\/#\\\/schema\\\/logo\\\/image\\\/\",\"url\":\"https:\\\/\\\/www.bestservicesgrancanaria.com\\\/wp-content\\\/uploads\\\/bestservicesgc-logo.svg\",\"contentUrl\":\"https:\\\/\\\/www.bestservicesgrancanaria.com\\\/wp-content\\\/uploads\\\/bestservicesgc-logo.svg\",\"width\":500,\"height\":115,\"caption\":\"Best Services Gran Canaria\"},\"image\":{\"@id\":\"https:\\\/\\\/www.bestservicesgrancanaria.com\\\/#\\\/schema\\\/logo\\\/image\\\/\"},\"sameAs\":[\"https:\\\/\\\/www.facebook.com\\\/bestservicegrancanaria\",\"https:\\\/\\\/www.instagram.com\\\/bestservicesgrancanaria\\\/\"]}]}<\/script>\n<!-- \/ Yoast SEO plugin. -->","yoast_head_json":{"title":"Supercat Katamaran Dolphin Charter - Bester Service Gran Canaria","robots":{"index":"index","follow":"follow","max-snippet":"max-snippet:-1","max-image-preview":"max-image-preview:large","max-video-preview":"max-video-preview:-1"},"canonical":"https:\/\/www.bestservicesgrancanaria.com\/de\/produkt\/superkatze\/","og_locale":"de_DE","og_type":"article","og_title":"Supercat Catamaran Dolphin Charter - Best Services Gran Canaria","og_description":"*Large Catamaran Dolphin Charter* \ud83d\udc2c Our Supercat catamaran offers you the unique experience of observing the coast from afar on board our boat. Enjoy our open bar, dive into snorkeling. Observe the natural beaches, Huge cliffs and beautiful Atlantic Ocean. We have daily departures from Puerto Rico Base and anchor so that you can take [&hellip;]","og_url":"https:\/\/www.bestservicesgrancanaria.com\/de\/produkt\/superkatze\/","og_site_name":"Best Services Gran Canaria","article_publisher":"https:\/\/www.facebook.com\/bestservicegrancanaria","article_modified_time":"2024-10-05T10:19:29+00:00","og_image":[{"width":1200,"height":800,"url":"https:\/\/www.bestservicesgrancanaria.com\/wp-content\/uploads\/supercat-1.jpg","type":"image\/jpeg"}],"twitter_card":"summary_large_image","schema":{"@context":"https:\/\/schema.org","@graph":[{"@type":"WebPage","@id":"https:\/\/www.bestservicesgrancanaria.com\/product\/supercat\/","url":"https:\/\/www.bestservicesgrancanaria.com\/product\/supercat\/","name":"Supercat Katamaran Dolphin Charter - Bester Service Gran Canaria","isPartOf":{"@id":"https:\/\/www.bestservicesgrancanaria.com\/#website"},"primaryImageOfPage":{"@id":"https:\/\/www.bestservicesgrancanaria.com\/product\/supercat\/#primaryimage"},"image":{"@id":"https:\/\/www.bestservicesgrancanaria.com\/product\/supercat\/#primaryimage"},"thumbnailUrl":"https:\/\/www.bestservicesgrancanaria.com\/wp-content\/uploads\/supercat-1.jpg","datePublished":"2024-06-27T09:09:30+00:00","dateModified":"2024-10-05T10:19:29+00:00","breadcrumb":{"@id":"https:\/\/www.bestservicesgrancanaria.com\/product\/supercat\/#breadcrumb"},"inLanguage":"de","potentialAction":[{"@type":"ReadAction","target":["https:\/\/www.bestservicesgrancanaria.com\/product\/supercat\/"]}]},{"@type":"ImageObject","inLanguage":"de","@id":"https:\/\/www.bestservicesgrancanaria.com\/product\/supercat\/#primaryimage","url":"https:\/\/www.bestservicesgrancanaria.com\/wp-content\/uploads\/supercat-1.jpg","contentUrl":"https:\/\/www.bestservicesgrancanaria.com\/wp-content\/uploads\/supercat-1.jpg","width":1200,"height":800,"caption":"Best Services Gran Canaria, Sagitarius Cat Gran Canaria Catamaran"},{"@type":"BreadcrumbList","@id":"https:\/\/www.bestservicesgrancanaria.com\/product\/supercat\/#breadcrumb","itemListElement":[{"@type":"ListItem","position":1,"name":"Home","item":"https:\/\/www.bestservicesgrancanaria.com\/"},{"@type":"ListItem","position":2,"name":"Shop","item":"https:\/\/www.bestservicesgrancanaria.com\/sv\/handla\/"},{"@type":"ListItem","position":3,"name":"Supercat Catamaran Dolphin Charter"}]},{"@type":"WebSite","@id":"https:\/\/www.bestservicesgrancanaria.com\/#website","url":"https:\/\/www.bestservicesgrancanaria.com\/","name":"Bester Service Gran Canaria","description":"Bester Service Gran Canaria","publisher":{"@id":"https:\/\/www.bestservicesgrancanaria.com\/#organization"},"potentialAction":[{"@type":"SearchAction","target":{"@type":"EntryPoint","urlTemplate":"https:\/\/www.bestservicesgrancanaria.com\/?s={search_term_string}"},"query-input":{"@type":"PropertyValueSpecification","valueRequired":true,"valueName":"search_term_string"}}],"inLanguage":"de"},{"@type":"Organization","@id":"https:\/\/www.bestservicesgrancanaria.com\/#organization","name":"Bester Service Gran Canaria","url":"https:\/\/www.bestservicesgrancanaria.com\/","logo":{"@type":"ImageObject","inLanguage":"de","@id":"https:\/\/www.bestservicesgrancanaria.com\/#\/schema\/logo\/image\/","url":"https:\/\/www.bestservicesgrancanaria.com\/wp-content\/uploads\/bestservicesgc-logo.svg","contentUrl":"https:\/\/www.bestservicesgrancanaria.com\/wp-content\/uploads\/bestservicesgc-logo.svg","width":500,"height":115,"caption":"Best Services Gran Canaria"},"image":{"@id":"https:\/\/www.bestservicesgrancanaria.com\/#\/schema\/logo\/image\/"},"sameAs":["https:\/\/www.facebook.com\/bestservicegrancanaria","https:\/\/www.instagram.com\/bestservicesgrancanaria\/"]}]}},"_links":{"self":[{"href":"https:\/\/www.bestservicesgrancanaria.com\/de\/wp-json\/wp\/v2\/product\/2370","targetHints":{"allow":["GET"]}}],"collection":[{"href":"https:\/\/www.bestservicesgrancanaria.com\/de\/wp-json\/wp\/v2\/product"}],"about":[{"href":"https:\/\/www.bestservicesgrancanaria.com\/de\/wp-json\/wp\/v2\/types\/product"}],"replies":[{"embeddable":true,"href":"https:\/\/www.bestservicesgrancanaria.com\/de\/wp-json\/wp\/v2\/comments?post=2370"}],"wp:featuredmedia":[{"embeddable":true,"href":"https:\/\/www.bestservicesgrancanaria.com\/de\/wp-json\/wp\/v2\/media\/1137"}],"wp:attachment":[{"href":"https:\/\/www.bestservicesgrancanaria.com\/de\/wp-json\/wp\/v2\/media?parent=2370"}],"wp:term":[{"taxonomy":"product_brand","embeddable":true,"href":"https:\/\/www.bestservicesgrancanaria.com\/de\/wp-json\/wp\/v2\/product_brand?post=2370"},{"taxonomy":"product_cat","embeddable":true,"href":"https:\/\/www.bestservicesgrancanaria.com\/de\/wp-json\/wp\/v2\/product_cat?post=2370"},{"taxonomy":"product_tag","embeddable":true,"href":"https:\/\/www.bestservicesgrancanaria.com\/de\/wp-json\/wp\/v2\/product_tag?post=2370"}],"curies":[{"name":"wp","href":"https:\/\/api.w.org\/{rel}","templated":true}]}}