{"id":2369,"date":"2024-06-27T09:09:39","date_gmt":"2024-06-27T09:09:39","guid":{"rendered":"https:\/\/bestservicesgrancanaria.com\/?post_type=product&#038;p=2369"},"modified":"2024-10-05T10:19:28","modified_gmt":"2024-10-05T10:19:28","slug":"catamaran-africano","status":"publish","type":"product","link":"https:\/\/www.bestservicesgrancanaria.com\/es\/product\/afrikat-catamaran\/","title":{"rendered":"Catamar\u00e1n Afrikat"},"content":{"rendered":"<p><span style=\"font-weight: 400;\"><strong>Catamar\u00e1n Afrikat 69 Popular<\/strong> \ud83d\ude0e<\/span><\/p>\n<p><span style=\"font-weight: 400;\">Afrikat catamaran 69 es la experiencia m\u00e1s popular y genial. Ubicado en Puerto Rico, Gran Canaria, este catamar\u00e1n de lujo de 69 &#039;lo tiene todo con amplias \u00e1reas de descanso en la terraza y un bar, cubierta principal con sal\u00f3n interno, terraza con acceso para nadar y una terraza con fly-bridge. La actividad todo incluido incluye traslado de regreso en autob\u00fas de cortes\u00eda (depende del \u00e1rea), comida, bebidas (sangr\u00eda, cerveza, refrescos, jugos, caf\u00e9 y agua), deliciosos c\u00f3cteles a un precio reducido, paseo en lancha r\u00e1pida con nuestro Capit\u00e1n. Los deportes acu\u00e1ticos con descuento incluyen paseos en moto acu\u00e1tica y parasailing y donut. \u00a1Afrikat es una forma incre\u00edble de crear recuerdos!<\/span><\/p>","protected":false},"excerpt":{"rendered":"<p>Afrikat Catamaran 69 Popular \ud83d\ude0e Afrikat catamaran 69 is the most popular and great experience. Located in Puerto Rico, Gran Canaria, this 69\u2019 luxury catamaran has it all with spacious lounge areas on the sundeck and a bar, main deck with internal salon, swimming access sun deck and a fly-bridge sundeck. All inclusive activity includes [&hellip;]<\/p>\n","protected":false},"featured_media":2280,"comment_status":"open","ping_status":"closed","template":"","meta":[],"product_brand":[],"product_cat":[28],"product_tag":[36,38,37,39],"class_list":{"0":"post-2369","1":"product","2":"type-product","3":"status-publish","4":"has-post-thumbnail","6":"product_cat-boat-trips","7":"product_tag-4-5-hours","8":"product_tag-drinks-included","9":"product_tag-pickup-available","10":"product_tag-water-sports","12":"first","13":"instock","14":"featured","15":"sold-individually","16":"shipping-taxable","17":"purchasable","18":"product-type-booking"},"yoast_head":"<!-- This site is optimized with the Yoast SEO plugin v27.3 - https:\/\/yoast.com\/product\/yoast-seo-wordpress\/ -->\n<title>Afrikat Catamaran - Best Services Gran Canaria<\/title>\n<meta name=\"robots\" content=\"index, follow, max-snippet:-1, max-image-preview:large, max-video-preview:-1\" \/>\n<link rel=\"canonical\" href=\"https:\/\/www.bestservicesgrancanaria.com\/es\/producto\/catamaran-africano\/\" \/>\n<meta property=\"og:locale\" content=\"es_ES\" \/>\n<meta property=\"og:type\" content=\"article\" \/>\n<meta property=\"og:title\" content=\"Afrikat Catamaran - Best Services Gran Canaria\" \/>\n<meta property=\"og:description\" content=\"Afrikat Catamaran 69 Popular \ud83d\ude0e Afrikat catamaran 69 is the most popular and great experience. Located in Puerto Rico, Gran Canaria, this 69\u2019 luxury catamaran has it all with spacious lounge areas on the sundeck and a bar, main deck with internal salon, swimming access sun deck and a fly-bridge sundeck. All inclusive activity includes [&hellip;]\" \/>\n<meta property=\"og:url\" content=\"https:\/\/www.bestservicesgrancanaria.com\/es\/producto\/catamaran-africano\/\" \/>\n<meta property=\"og:site_name\" content=\"Best Services Gran Canaria\" \/>\n<meta property=\"article:publisher\" content=\"https:\/\/www.facebook.com\/bestservicegrancanaria\" \/>\n<meta property=\"article:modified_time\" content=\"2024-10-05T10:19:28+00:00\" \/>\n<meta property=\"og:image\" content=\"https:\/\/www.bestservicesgrancanaria.com\/wp-content\/uploads\/Afrikat-69-gran-canaria-lateral-1-1200x763.jpg\" \/>\n\t<meta property=\"og:image:width\" content=\"1200\" \/>\n\t<meta property=\"og:image:height\" content=\"763\" \/>\n\t<meta property=\"og:image:type\" content=\"image\/jpeg\" \/>\n<meta name=\"twitter:card\" content=\"summary_large_image\" \/>\n<script type=\"application\/ld+json\" class=\"yoast-schema-graph\">{\"@context\":\"https:\\\/\\\/schema.org\",\"@graph\":[{\"@type\":\"WebPage\",\"@id\":\"https:\\\/\\\/www.bestservicesgrancanaria.com\\\/product\\\/afrikat-catamaran\\\/\",\"url\":\"https:\\\/\\\/www.bestservicesgrancanaria.com\\\/product\\\/afrikat-catamaran\\\/\",\"name\":\"Afrikat Catamaran - Best Services Gran Canaria\",\"isPartOf\":{\"@id\":\"https:\\\/\\\/www.bestservicesgrancanaria.com\\\/#website\"},\"primaryImageOfPage\":{\"@id\":\"https:\\\/\\\/www.bestservicesgrancanaria.com\\\/product\\\/afrikat-catamaran\\\/#primaryimage\"},\"image\":{\"@id\":\"https:\\\/\\\/www.bestservicesgrancanaria.com\\\/product\\\/afrikat-catamaran\\\/#primaryimage\"},\"thumbnailUrl\":\"https:\\\/\\\/www.bestservicesgrancanaria.com\\\/wp-content\\\/uploads\\\/Afrikat-69-gran-canaria-lateral-1.jpg\",\"datePublished\":\"2024-06-27T09:09:39+00:00\",\"dateModified\":\"2024-10-05T10:19:28+00:00\",\"breadcrumb\":{\"@id\":\"https:\\\/\\\/www.bestservicesgrancanaria.com\\\/product\\\/afrikat-catamaran\\\/#breadcrumb\"},\"inLanguage\":\"es\",\"potentialAction\":[{\"@type\":\"ReadAction\",\"target\":[\"https:\\\/\\\/www.bestservicesgrancanaria.com\\\/product\\\/afrikat-catamaran\\\/\"]}]},{\"@type\":\"ImageObject\",\"inLanguage\":\"es\",\"@id\":\"https:\\\/\\\/www.bestservicesgrancanaria.com\\\/product\\\/afrikat-catamaran\\\/#primaryimage\",\"url\":\"https:\\\/\\\/www.bestservicesgrancanaria.com\\\/wp-content\\\/uploads\\\/Afrikat-69-gran-canaria-lateral-1.jpg\",\"contentUrl\":\"https:\\\/\\\/www.bestservicesgrancanaria.com\\\/wp-content\\\/uploads\\\/Afrikat-69-gran-canaria-lateral-1.jpg\",\"width\":2500,\"height\":1589},{\"@type\":\"BreadcrumbList\",\"@id\":\"https:\\\/\\\/www.bestservicesgrancanaria.com\\\/product\\\/afrikat-catamaran\\\/#breadcrumb\",\"itemListElement\":[{\"@type\":\"ListItem\",\"position\":1,\"name\":\"Home\",\"item\":\"https:\\\/\\\/www.bestservicesgrancanaria.com\\\/\"},{\"@type\":\"ListItem\",\"position\":2,\"name\":\"Shop\",\"item\":\"https:\\\/\\\/www.bestservicesgrancanaria.com\\\/sv\\\/handla\\\/\"},{\"@type\":\"ListItem\",\"position\":3,\"name\":\"Afrikat Catamaran\"}]},{\"@type\":\"WebSite\",\"@id\":\"https:\\\/\\\/www.bestservicesgrancanaria.com\\\/#website\",\"url\":\"https:\\\/\\\/www.bestservicesgrancanaria.com\\\/\",\"name\":\"Best Services Gran Canaria\",\"description\":\"Best Services Gran Canaria\",\"publisher\":{\"@id\":\"https:\\\/\\\/www.bestservicesgrancanaria.com\\\/#organization\"},\"potentialAction\":[{\"@type\":\"SearchAction\",\"target\":{\"@type\":\"EntryPoint\",\"urlTemplate\":\"https:\\\/\\\/www.bestservicesgrancanaria.com\\\/?s={search_term_string}\"},\"query-input\":{\"@type\":\"PropertyValueSpecification\",\"valueRequired\":true,\"valueName\":\"search_term_string\"}}],\"inLanguage\":\"es\"},{\"@type\":\"Organization\",\"@id\":\"https:\\\/\\\/www.bestservicesgrancanaria.com\\\/#organization\",\"name\":\"Best Services Gran Canaria\",\"url\":\"https:\\\/\\\/www.bestservicesgrancanaria.com\\\/\",\"logo\":{\"@type\":\"ImageObject\",\"inLanguage\":\"es\",\"@id\":\"https:\\\/\\\/www.bestservicesgrancanaria.com\\\/#\\\/schema\\\/logo\\\/image\\\/\",\"url\":\"https:\\\/\\\/www.bestservicesgrancanaria.com\\\/wp-content\\\/uploads\\\/bestservicesgc-logo.svg\",\"contentUrl\":\"https:\\\/\\\/www.bestservicesgrancanaria.com\\\/wp-content\\\/uploads\\\/bestservicesgc-logo.svg\",\"width\":500,\"height\":115,\"caption\":\"Best Services Gran Canaria\"},\"image\":{\"@id\":\"https:\\\/\\\/www.bestservicesgrancanaria.com\\\/#\\\/schema\\\/logo\\\/image\\\/\"},\"sameAs\":[\"https:\\\/\\\/www.facebook.com\\\/bestservicegrancanaria\",\"https:\\\/\\\/www.instagram.com\\\/bestservicesgrancanaria\\\/\"]}]}<\/script>\n<!-- \/ Yoast SEO plugin. -->","yoast_head_json":{"title":"Catamar\u00e1n Afrikat - Mejores Servicios Gran Canaria","robots":{"index":"index","follow":"follow","max-snippet":"max-snippet:-1","max-image-preview":"max-image-preview:large","max-video-preview":"max-video-preview:-1"},"canonical":"https:\/\/www.bestservicesgrancanaria.com\/es\/producto\/catamaran-africano\/","og_locale":"es_ES","og_type":"article","og_title":"Afrikat Catamaran - Best Services Gran Canaria","og_description":"Afrikat Catamaran 69 Popular \ud83d\ude0e Afrikat catamaran 69 is the most popular and great experience. Located in Puerto Rico, Gran Canaria, this 69\u2019 luxury catamaran has it all with spacious lounge areas on the sundeck and a bar, main deck with internal salon, swimming access sun deck and a fly-bridge sundeck. All inclusive activity includes [&hellip;]","og_url":"https:\/\/www.bestservicesgrancanaria.com\/es\/producto\/catamaran-africano\/","og_site_name":"Best Services Gran Canaria","article_publisher":"https:\/\/www.facebook.com\/bestservicegrancanaria","article_modified_time":"2024-10-05T10:19:28+00:00","og_image":[{"width":1200,"height":763,"url":"https:\/\/www.bestservicesgrancanaria.com\/wp-content\/uploads\/Afrikat-69-gran-canaria-lateral-1-1200x763.jpg","type":"image\/jpeg"}],"twitter_card":"summary_large_image","schema":{"@context":"https:\/\/schema.org","@graph":[{"@type":"WebPage","@id":"https:\/\/www.bestservicesgrancanaria.com\/product\/afrikat-catamaran\/","url":"https:\/\/www.bestservicesgrancanaria.com\/product\/afrikat-catamaran\/","name":"Catamar\u00e1n Afrikat - Mejores Servicios Gran Canaria","isPartOf":{"@id":"https:\/\/www.bestservicesgrancanaria.com\/#website"},"primaryImageOfPage":{"@id":"https:\/\/www.bestservicesgrancanaria.com\/product\/afrikat-catamaran\/#primaryimage"},"image":{"@id":"https:\/\/www.bestservicesgrancanaria.com\/product\/afrikat-catamaran\/#primaryimage"},"thumbnailUrl":"https:\/\/www.bestservicesgrancanaria.com\/wp-content\/uploads\/Afrikat-69-gran-canaria-lateral-1.jpg","datePublished":"2024-06-27T09:09:39+00:00","dateModified":"2024-10-05T10:19:28+00:00","breadcrumb":{"@id":"https:\/\/www.bestservicesgrancanaria.com\/product\/afrikat-catamaran\/#breadcrumb"},"inLanguage":"es","potentialAction":[{"@type":"ReadAction","target":["https:\/\/www.bestservicesgrancanaria.com\/product\/afrikat-catamaran\/"]}]},{"@type":"ImageObject","inLanguage":"es","@id":"https:\/\/www.bestservicesgrancanaria.com\/product\/afrikat-catamaran\/#primaryimage","url":"https:\/\/www.bestservicesgrancanaria.com\/wp-content\/uploads\/Afrikat-69-gran-canaria-lateral-1.jpg","contentUrl":"https:\/\/www.bestservicesgrancanaria.com\/wp-content\/uploads\/Afrikat-69-gran-canaria-lateral-1.jpg","width":2500,"height":1589},{"@type":"BreadcrumbList","@id":"https:\/\/www.bestservicesgrancanaria.com\/product\/afrikat-catamaran\/#breadcrumb","itemListElement":[{"@type":"ListItem","position":1,"name":"Home","item":"https:\/\/www.bestservicesgrancanaria.com\/"},{"@type":"ListItem","position":2,"name":"Shop","item":"https:\/\/www.bestservicesgrancanaria.com\/sv\/handla\/"},{"@type":"ListItem","position":3,"name":"Afrikat Catamaran"}]},{"@type":"WebSite","@id":"https:\/\/www.bestservicesgrancanaria.com\/#website","url":"https:\/\/www.bestservicesgrancanaria.com\/","name":"Mejores Servicios Gran Canaria","description":"Mejores Servicios Gran Canaria","publisher":{"@id":"https:\/\/www.bestservicesgrancanaria.com\/#organization"},"potentialAction":[{"@type":"SearchAction","target":{"@type":"EntryPoint","urlTemplate":"https:\/\/www.bestservicesgrancanaria.com\/?s={search_term_string}"},"query-input":{"@type":"PropertyValueSpecification","valueRequired":true,"valueName":"search_term_string"}}],"inLanguage":"es"},{"@type":"Organization","@id":"https:\/\/www.bestservicesgrancanaria.com\/#organization","name":"Mejores Servicios Gran Canaria","url":"https:\/\/www.bestservicesgrancanaria.com\/","logo":{"@type":"ImageObject","inLanguage":"es","@id":"https:\/\/www.bestservicesgrancanaria.com\/#\/schema\/logo\/image\/","url":"https:\/\/www.bestservicesgrancanaria.com\/wp-content\/uploads\/bestservicesgc-logo.svg","contentUrl":"https:\/\/www.bestservicesgrancanaria.com\/wp-content\/uploads\/bestservicesgc-logo.svg","width":500,"height":115,"caption":"Best Services Gran Canaria"},"image":{"@id":"https:\/\/www.bestservicesgrancanaria.com\/#\/schema\/logo\/image\/"},"sameAs":["https:\/\/www.facebook.com\/bestservicegrancanaria","https:\/\/www.instagram.com\/bestservicesgrancanaria\/"]}]}},"_links":{"self":[{"href":"https:\/\/www.bestservicesgrancanaria.com\/es\/wp-json\/wp\/v2\/product\/2369","targetHints":{"allow":["GET"]}}],"collection":[{"href":"https:\/\/www.bestservicesgrancanaria.com\/es\/wp-json\/wp\/v2\/product"}],"about":[{"href":"https:\/\/www.bestservicesgrancanaria.com\/es\/wp-json\/wp\/v2\/types\/product"}],"replies":[{"embeddable":true,"href":"https:\/\/www.bestservicesgrancanaria.com\/es\/wp-json\/wp\/v2\/comments?post=2369"}],"wp:featuredmedia":[{"embeddable":true,"href":"https:\/\/www.bestservicesgrancanaria.com\/es\/wp-json\/wp\/v2\/media\/2280"}],"wp:attachment":[{"href":"https:\/\/www.bestservicesgrancanaria.com\/es\/wp-json\/wp\/v2\/media?parent=2369"}],"wp:term":[{"taxonomy":"product_brand","embeddable":true,"href":"https:\/\/www.bestservicesgrancanaria.com\/es\/wp-json\/wp\/v2\/product_brand?post=2369"},{"taxonomy":"product_cat","embeddable":true,"href":"https:\/\/www.bestservicesgrancanaria.com\/es\/wp-json\/wp\/v2\/product_cat?post=2369"},{"taxonomy":"product_tag","embeddable":true,"href":"https:\/\/www.bestservicesgrancanaria.com\/es\/wp-json\/wp\/v2\/product_tag?post=2369"}],"curies":[{"name":"Gracias","href":"https:\/\/api.w.org\/{rel}","templated":true}]}}