{"id":2373,"date":"2024-06-27T09:04:47","date_gmt":"2024-06-27T09:04:47","guid":{"rendered":"https:\/\/bestservicesgrancanaria.com\/?post_type=product&#038;p=2373"},"modified":"2024-10-05T10:19:29","modified_gmt":"2024-10-05T10:19:29","slug":"magia-3-udostepniona","status":"publish","type":"product","link":"https:\/\/www.bestservicesgrancanaria.com\/pl\/product\/magic-3-shared\/","title":{"rendered":"Katamaran Magic 3"},"content":{"rendered":"<p><span style=\"font-weight: 400;\">*Czarter katamaranu w ramach bud\u017cetu rodzinnego*<\/span><\/p>\n<p><span style=\"font-weight: 400;\">B\u0119dziesz cieszy\u0107 si\u0119 t\u0105 wycieczk\u0105 katamaranem na po\u0142udnie Gran Canarii. Ciesz si\u0119 komfortem opalania na pok\u0142adzie, \u017cegluj\u0105c i ogl\u0105daj\u0105c osza\u0142amiaj\u0105ce jaskinie morskie, ogromne klify oraz dziewicze i naturalne pla\u017ce. Zjesz r\u00f3wnie\u017c wspania\u0142e przek\u0105ski na lunch, podziwiaj\u0105c widoki z naszego otwartego baru. Podr\u00f3\u017c ko\u0144czy si\u0119 w bazie Puerto Rico, gdzie mo\u017cesz pop\u0142ywa\u0107 w morzu przed powrotem na brzeg. To niesamowity spos\u00f3b na sp\u0119dzenie niezapomnianego dnia, ciesz\u0105c si\u0119 wspania\u0142ym \u017cyciem.<\/span><\/p>","protected":false},"excerpt":{"rendered":"<p>*Family Budget Catamaran Charter* You will enjoy this catamaran trip to the south of Gran Canaria. Enjoy the comfort of sunbathing on board, while sailing and seeing stunning sea caves, huge cliffs, and virgin and natural beaches. You&#8217;ll also take in some great lunchtime snacks while taking in the views from our open bar. The [&hellip;]<\/p>\n","protected":false},"featured_media":1141,"comment_status":"open","ping_status":"closed","template":"","meta":[],"product_brand":[],"product_cat":[28],"product_tag":[32,38,40,39],"class_list":{"0":"post-2373","1":"product","2":"type-product","3":"status-publish","4":"has-post-thumbnail","6":"product_cat-boat-trips","7":"product_tag-4-hours","8":"product_tag-drinks-included","9":"product_tag-food-included","10":"product_tag-water-sports","12":"first","13":"instock","14":"sold-individually","15":"shipping-taxable","16":"purchasable","17":"product-type-booking"},"yoast_head":"<!-- This site is optimized with the Yoast SEO plugin v27.3 - https:\/\/yoast.com\/product\/yoast-seo-wordpress\/ -->\n<title>Magic 3 Catamaran - Best Services Gran Canaria<\/title>\n<meta name=\"robots\" content=\"index, follow, max-snippet:-1, max-image-preview:large, max-video-preview:-1\" \/>\n<link rel=\"canonical\" href=\"https:\/\/www.bestservicesgrancanaria.com\/pl\/product\/magia-3-udostepniona\/\" \/>\n<meta property=\"og:locale\" content=\"pl_PL\" \/>\n<meta property=\"og:type\" content=\"article\" \/>\n<meta property=\"og:title\" content=\"Magic 3 Catamaran - Best Services Gran Canaria\" \/>\n<meta property=\"og:description\" content=\"*Family Budget Catamaran Charter* You will enjoy this catamaran trip to the south of Gran Canaria. Enjoy the comfort of sunbathing on board, while sailing and seeing stunning sea caves, huge cliffs, and virgin and natural beaches. You&#8217;ll also take in some great lunchtime snacks while taking in the views from our open bar. The [&hellip;]\" \/>\n<meta property=\"og:url\" content=\"https:\/\/www.bestservicesgrancanaria.com\/pl\/product\/magia-3-udostepniona\/\" \/>\n<meta property=\"og:site_name\" content=\"Best Services Gran Canaria\" \/>\n<meta property=\"article:publisher\" content=\"https:\/\/www.facebook.com\/bestservicegrancanaria\" \/>\n<meta property=\"article:modified_time\" content=\"2024-10-05T10:19:29+00:00\" \/>\n<meta property=\"og:image\" content=\"https:\/\/www.bestservicesgrancanaria.com\/wp-content\/uploads\/magic3-1.jpg\" \/>\n\t<meta property=\"og:image:width\" content=\"1200\" \/>\n\t<meta property=\"og:image:height\" content=\"800\" \/>\n\t<meta property=\"og:image:type\" content=\"image\/jpeg\" \/>\n<meta name=\"twitter:card\" content=\"summary_large_image\" \/>\n<script type=\"application\/ld+json\" class=\"yoast-schema-graph\">{\"@context\":\"https:\\\/\\\/schema.org\",\"@graph\":[{\"@type\":\"WebPage\",\"@id\":\"https:\\\/\\\/www.bestservicesgrancanaria.com\\\/fr\\\/produit\\\/magie-3-partagee\\\/\",\"url\":\"https:\\\/\\\/www.bestservicesgrancanaria.com\\\/fr\\\/produit\\\/magie-3-partagee\\\/\",\"name\":\"Magic 3 Catamaran - Best Services Gran Canaria\",\"isPartOf\":{\"@id\":\"https:\\\/\\\/www.bestservicesgrancanaria.com\\\/#website\"},\"primaryImageOfPage\":{\"@id\":\"https:\\\/\\\/www.bestservicesgrancanaria.com\\\/fr\\\/produit\\\/magie-3-partagee\\\/#primaryimage\"},\"image\":{\"@id\":\"https:\\\/\\\/www.bestservicesgrancanaria.com\\\/fr\\\/produit\\\/magie-3-partagee\\\/#primaryimage\"},\"thumbnailUrl\":\"https:\\\/\\\/www.bestservicesgrancanaria.com\\\/wp-content\\\/uploads\\\/magic3-1.jpg\",\"datePublished\":\"2024-06-27T09:04:47+00:00\",\"dateModified\":\"2024-10-05T10:19:29+00:00\",\"breadcrumb\":{\"@id\":\"https:\\\/\\\/www.bestservicesgrancanaria.com\\\/fr\\\/produit\\\/magie-3-partagee\\\/#breadcrumb\"},\"inLanguage\":\"pl-PL\",\"potentialAction\":[{\"@type\":\"ReadAction\",\"target\":[\"https:\\\/\\\/www.bestservicesgrancanaria.com\\\/fr\\\/produit\\\/magie-3-partagee\\\/\"]}]},{\"@type\":\"ImageObject\",\"inLanguage\":\"pl-PL\",\"@id\":\"https:\\\/\\\/www.bestservicesgrancanaria.com\\\/fr\\\/produit\\\/magie-3-partagee\\\/#primaryimage\",\"url\":\"https:\\\/\\\/www.bestservicesgrancanaria.com\\\/wp-content\\\/uploads\\\/magic3-1.jpg\",\"contentUrl\":\"https:\\\/\\\/www.bestservicesgrancanaria.com\\\/wp-content\\\/uploads\\\/magic3-1.jpg\",\"width\":1200,\"height\":800,\"caption\":\"Best Services Gran Canaria\"},{\"@type\":\"BreadcrumbList\",\"@id\":\"https:\\\/\\\/www.bestservicesgrancanaria.com\\\/fr\\\/produit\\\/magie-3-partagee\\\/#breadcrumb\",\"itemListElement\":[{\"@type\":\"ListItem\",\"position\":1,\"name\":\"Home\",\"item\":\"https:\\\/\\\/www.bestservicesgrancanaria.com\\\/\"},{\"@type\":\"ListItem\",\"position\":2,\"name\":\"Shop\",\"item\":\"https:\\\/\\\/www.bestservicesgrancanaria.com\\\/sv\\\/handla\\\/\"},{\"@type\":\"ListItem\",\"position\":3,\"name\":\"Magic 3 Catamaran\"}]},{\"@type\":\"WebSite\",\"@id\":\"https:\\\/\\\/www.bestservicesgrancanaria.com\\\/#website\",\"url\":\"https:\\\/\\\/www.bestservicesgrancanaria.com\\\/\",\"name\":\"Best Services Gran Canaria\",\"description\":\"Best Services Gran Canaria\",\"publisher\":{\"@id\":\"https:\\\/\\\/www.bestservicesgrancanaria.com\\\/#organization\"},\"potentialAction\":[{\"@type\":\"SearchAction\",\"target\":{\"@type\":\"EntryPoint\",\"urlTemplate\":\"https:\\\/\\\/www.bestservicesgrancanaria.com\\\/?s={search_term_string}\"},\"query-input\":{\"@type\":\"PropertyValueSpecification\",\"valueRequired\":true,\"valueName\":\"search_term_string\"}}],\"inLanguage\":\"pl-PL\"},{\"@type\":\"Organization\",\"@id\":\"https:\\\/\\\/www.bestservicesgrancanaria.com\\\/#organization\",\"name\":\"Best Services Gran Canaria\",\"url\":\"https:\\\/\\\/www.bestservicesgrancanaria.com\\\/\",\"logo\":{\"@type\":\"ImageObject\",\"inLanguage\":\"pl-PL\",\"@id\":\"https:\\\/\\\/www.bestservicesgrancanaria.com\\\/#\\\/schema\\\/logo\\\/image\\\/\",\"url\":\"https:\\\/\\\/www.bestservicesgrancanaria.com\\\/wp-content\\\/uploads\\\/bestservicesgc-logo.svg\",\"contentUrl\":\"https:\\\/\\\/www.bestservicesgrancanaria.com\\\/wp-content\\\/uploads\\\/bestservicesgc-logo.svg\",\"width\":500,\"height\":115,\"caption\":\"Best Services Gran Canaria\"},\"image\":{\"@id\":\"https:\\\/\\\/www.bestservicesgrancanaria.com\\\/#\\\/schema\\\/logo\\\/image\\\/\"},\"sameAs\":[\"https:\\\/\\\/www.facebook.com\\\/bestservicegrancanaria\",\"https:\\\/\\\/www.instagram.com\\\/bestservicesgrancanaria\\\/\"]}]}<\/script>\n<!-- \/ Yoast SEO plugin. -->","yoast_head_json":{"title":"Magic 3 Catamaran - Najlepsze us\u0142ugi Gran Canaria","robots":{"index":"index","follow":"follow","max-snippet":"max-snippet:-1","max-image-preview":"max-image-preview:large","max-video-preview":"max-video-preview:-1"},"canonical":"https:\/\/www.bestservicesgrancanaria.com\/pl\/product\/magia-3-udostepniona\/","og_locale":"pl_PL","og_type":"article","og_title":"Magic 3 Catamaran - Best Services Gran Canaria","og_description":"*Family Budget Catamaran Charter* You will enjoy this catamaran trip to the south of Gran Canaria. Enjoy the comfort of sunbathing on board, while sailing and seeing stunning sea caves, huge cliffs, and virgin and natural beaches. You&#8217;ll also take in some great lunchtime snacks while taking in the views from our open bar. The [&hellip;]","og_url":"https:\/\/www.bestservicesgrancanaria.com\/pl\/product\/magia-3-udostepniona\/","og_site_name":"Best Services Gran Canaria","article_publisher":"https:\/\/www.facebook.com\/bestservicegrancanaria","article_modified_time":"2024-10-05T10:19:29+00:00","og_image":[{"width":1200,"height":800,"url":"https:\/\/www.bestservicesgrancanaria.com\/wp-content\/uploads\/magic3-1.jpg","type":"image\/jpeg"}],"twitter_card":"summary_large_image","schema":{"@context":"https:\/\/schema.org","@graph":[{"@type":"WebPage","@id":"https:\/\/www.bestservicesgrancanaria.com\/fr\/produit\/magie-3-partagee\/","url":"https:\/\/www.bestservicesgrancanaria.com\/fr\/produit\/magie-3-partagee\/","name":"Magic 3 Catamaran - Najlepsze us\u0142ugi Gran Canaria","isPartOf":{"@id":"https:\/\/www.bestservicesgrancanaria.com\/#website"},"primaryImageOfPage":{"@id":"https:\/\/www.bestservicesgrancanaria.com\/fr\/produit\/magie-3-partagee\/#primaryimage"},"image":{"@id":"https:\/\/www.bestservicesgrancanaria.com\/fr\/produit\/magie-3-partagee\/#primaryimage"},"thumbnailUrl":"https:\/\/www.bestservicesgrancanaria.com\/wp-content\/uploads\/magic3-1.jpg","datePublished":"2024-06-27T09:04:47+00:00","dateModified":"2024-10-05T10:19:29+00:00","breadcrumb":{"@id":"https:\/\/www.bestservicesgrancanaria.com\/fr\/produit\/magie-3-partagee\/#breadcrumb"},"inLanguage":"pl-PL","potentialAction":[{"@type":"ReadAction","target":["https:\/\/www.bestservicesgrancanaria.com\/fr\/produit\/magie-3-partagee\/"]}]},{"@type":"ImageObject","inLanguage":"pl-PL","@id":"https:\/\/www.bestservicesgrancanaria.com\/fr\/produit\/magie-3-partagee\/#primaryimage","url":"https:\/\/www.bestservicesgrancanaria.com\/wp-content\/uploads\/magic3-1.jpg","contentUrl":"https:\/\/www.bestservicesgrancanaria.com\/wp-content\/uploads\/magic3-1.jpg","width":1200,"height":800,"caption":"Best Services Gran Canaria"},{"@type":"BreadcrumbList","@id":"https:\/\/www.bestservicesgrancanaria.com\/fr\/produit\/magie-3-partagee\/#breadcrumb","itemListElement":[{"@type":"ListItem","position":1,"name":"Home","item":"https:\/\/www.bestservicesgrancanaria.com\/"},{"@type":"ListItem","position":2,"name":"Shop","item":"https:\/\/www.bestservicesgrancanaria.com\/sv\/handla\/"},{"@type":"ListItem","position":3,"name":"Magic 3 Catamaran"}]},{"@type":"WebSite","@id":"https:\/\/www.bestservicesgrancanaria.com\/#website","url":"https:\/\/www.bestservicesgrancanaria.com\/","name":"Najlepsze us\u0142ugi Gran Canaria","description":"Najlepsze us\u0142ugi Gran Canaria","publisher":{"@id":"https:\/\/www.bestservicesgrancanaria.com\/#organization"},"potentialAction":[{"@type":"SearchAction","target":{"@type":"EntryPoint","urlTemplate":"https:\/\/www.bestservicesgrancanaria.com\/?s={search_term_string}"},"query-input":{"@type":"PropertyValueSpecification","valueRequired":true,"valueName":"search_term_string"}}],"inLanguage":"pl-PL"},{"@type":"Organization","@id":"https:\/\/www.bestservicesgrancanaria.com\/#organization","name":"Najlepsze us\u0142ugi Gran Canaria","url":"https:\/\/www.bestservicesgrancanaria.com\/","logo":{"@type":"ImageObject","inLanguage":"pl-PL","@id":"https:\/\/www.bestservicesgrancanaria.com\/#\/schema\/logo\/image\/","url":"https:\/\/www.bestservicesgrancanaria.com\/wp-content\/uploads\/bestservicesgc-logo.svg","contentUrl":"https:\/\/www.bestservicesgrancanaria.com\/wp-content\/uploads\/bestservicesgc-logo.svg","width":500,"height":115,"caption":"Best Services Gran Canaria"},"image":{"@id":"https:\/\/www.bestservicesgrancanaria.com\/#\/schema\/logo\/image\/"},"sameAs":["https:\/\/www.facebook.com\/bestservicegrancanaria","https:\/\/www.instagram.com\/bestservicesgrancanaria\/"]}]}},"_links":{"self":[{"href":"https:\/\/www.bestservicesgrancanaria.com\/pl\/wp-json\/wp\/v2\/product\/2373","targetHints":{"allow":["GET"]}}],"collection":[{"href":"https:\/\/www.bestservicesgrancanaria.com\/pl\/wp-json\/wp\/v2\/product"}],"about":[{"href":"https:\/\/www.bestservicesgrancanaria.com\/pl\/wp-json\/wp\/v2\/types\/product"}],"replies":[{"embeddable":true,"href":"https:\/\/www.bestservicesgrancanaria.com\/pl\/wp-json\/wp\/v2\/comments?post=2373"}],"wp:featuredmedia":[{"embeddable":true,"href":"https:\/\/www.bestservicesgrancanaria.com\/pl\/wp-json\/wp\/v2\/media\/1141"}],"wp:attachment":[{"href":"https:\/\/www.bestservicesgrancanaria.com\/pl\/wp-json\/wp\/v2\/media?parent=2373"}],"wp:term":[{"taxonomy":"product_brand","embeddable":true,"href":"https:\/\/www.bestservicesgrancanaria.com\/pl\/wp-json\/wp\/v2\/product_brand?post=2373"},{"taxonomy":"product_cat","embeddable":true,"href":"https:\/\/www.bestservicesgrancanaria.com\/pl\/wp-json\/wp\/v2\/product_cat?post=2373"},{"taxonomy":"product_tag","embeddable":true,"href":"https:\/\/www.bestservicesgrancanaria.com\/pl\/wp-json\/wp\/v2\/product_tag?post=2373"}],"curies":[{"name":"wp","href":"https:\/\/api.w.org\/{rel}","templated":true}]}}