{"id":2375,"date":"2024-06-27T09:04:32","date_gmt":"2024-06-27T09:04:32","guid":{"rendered":"https:\/\/bestservicesgrancanaria.com\/?post_type=product&#038;p=2375"},"modified":"2024-10-05T10:19:29","modified_gmt":"2024-10-05T10:19:29","slug":"rekommenderad-privat-yacht","status":"publish","type":"product","link":"https:\/\/www.bestservicesgrancanaria.com\/sv\/product\/recommended-private-yacht\/","title":{"rendered":"Privat Yacht Nirvana Dreams Privat charter"},"content":{"rendered":"<p><span style=\"font-weight: 400;\">Nirvana Dreams Charter erbjuder en o\u00f6vertr\u00e4ffad b\u00e5tupplevelse runt den fantastiska \u00f6n Gran Canaria. Inb\u00e4ddat i hj\u00e4rtat av Kanarie\u00f6arna kombinerar denna chartertj\u00e4nst lyx med \u00e4ventyr och lovar en of\u00f6rgl\u00f6mlig resa \u00f6ver azurbl\u00e5tt vatten.\u00a0<\/span><\/p>","protected":false},"excerpt":{"rendered":"<p>Nirvana Dreams Charter erbjuder en o\u00f6vertr\u00e4ffad b\u00e5tupplevelse runt den fantastiska \u00f6n Gran Canaria. Inb\u00e4ddat i hj\u00e4rtat av Kanarie\u00f6arna kombinerar denna chartertj\u00e4nst lyx med \u00e4ventyr och lovar en of\u00f6rgl\u00f6mlig resa \u00f6ver azurbl\u00e5tt vatten.\u00a0<\/p>","protected":false},"featured_media":1270,"comment_status":"open","ping_status":"closed","template":"","meta":[],"product_brand":[],"product_cat":[28],"product_tag":[38,40,34,39],"class_list":{"0":"post-2375","1":"product","2":"type-product","3":"status-publish","4":"has-post-thumbnail","6":"product_cat-boat-trips","7":"product_tag-drinks-included","8":"product_tag-food-included","9":"product_tag-private-tour","10":"product_tag-water-sports","12":"first","13":"instock","14":"featured","15":"sold-individually","16":"shipping-taxable","17":"purchasable","18":"product-type-booking"},"yoast_head":"<!-- This site is optimized with the Yoast SEO plugin v27.4 - https:\/\/yoast.com\/product\/yoast-seo-wordpress\/ -->\n<title>Private Yacht Nirvana Dreams Private Charter - Best Services Gran Canaria<\/title>\n<meta name=\"robots\" content=\"index, follow, max-snippet:-1, max-image-preview:large, max-video-preview:-1\" \/>\n<link rel=\"canonical\" href=\"https:\/\/www.bestservicesgrancanaria.com\/sv\/produkt\/rekommenderad-privat-yacht\/\" \/>\n<meta property=\"og:locale\" content=\"sv_SE\" \/>\n<meta property=\"og:type\" content=\"article\" \/>\n<meta property=\"og:title\" content=\"Private Yacht Nirvana Dreams Private Charter - Best Services Gran Canaria\" \/>\n<meta property=\"og:description\" content=\"Nirvana Dreams Charter offers an unparalleled boat experience around the stunning island of Gran Canaria. Nestled in the heart of the Canary Islands, this charter service combines luxury with adventure, promising an unforgettable journey across azure waters.\u00a0\" \/>\n<meta property=\"og:url\" content=\"https:\/\/www.bestservicesgrancanaria.com\/sv\/produkt\/rekommenderad-privat-yacht\/\" \/>\n<meta property=\"og:site_name\" content=\"Best Services Gran Canaria\" \/>\n<meta property=\"article:publisher\" content=\"https:\/\/www.facebook.com\/bestservicegrancanaria\" \/>\n<meta property=\"article:modified_time\" content=\"2024-10-05T10:19:29+00:00\" \/>\n<meta property=\"og:image\" content=\"https:\/\/www.bestservicesgrancanaria.com\/wp-content\/uploads\/magic1.jpg\" \/>\n\t<meta property=\"og:image:width\" content=\"900\" \/>\n\t<meta property=\"og:image:height\" content=\"600\" \/>\n\t<meta property=\"og:image:type\" content=\"image\/jpeg\" \/>\n<meta name=\"twitter:card\" content=\"summary_large_image\" \/>\n<script type=\"application\/ld+json\" class=\"yoast-schema-graph\">{\"@context\":\"https:\\\/\\\/schema.org\",\"@graph\":[{\"@type\":\"WebPage\",\"@id\":\"https:\\\/\\\/www.bestservicesgrancanaria.com\\\/product\\\/recommended-private-yacht\\\/\",\"url\":\"https:\\\/\\\/www.bestservicesgrancanaria.com\\\/product\\\/recommended-private-yacht\\\/\",\"name\":\"Private Yacht Nirvana Dreams Private Charter - Best Services Gran Canaria\",\"isPartOf\":{\"@id\":\"https:\\\/\\\/www.bestservicesgrancanaria.com\\\/#website\"},\"primaryImageOfPage\":{\"@id\":\"https:\\\/\\\/www.bestservicesgrancanaria.com\\\/product\\\/recommended-private-yacht\\\/#primaryimage\"},\"image\":{\"@id\":\"https:\\\/\\\/www.bestservicesgrancanaria.com\\\/product\\\/recommended-private-yacht\\\/#primaryimage\"},\"thumbnailUrl\":\"https:\\\/\\\/www.bestservicesgrancanaria.com\\\/wp-content\\\/uploads\\\/magic1.jpg\",\"datePublished\":\"2024-06-27T09:04:32+00:00\",\"dateModified\":\"2024-10-05T10:19:29+00:00\",\"breadcrumb\":{\"@id\":\"https:\\\/\\\/www.bestservicesgrancanaria.com\\\/product\\\/recommended-private-yacht\\\/#breadcrumb\"},\"inLanguage\":\"sv-SE\",\"potentialAction\":[{\"@type\":\"ReadAction\",\"target\":[\"https:\\\/\\\/www.bestservicesgrancanaria.com\\\/product\\\/recommended-private-yacht\\\/\"]}]},{\"@type\":\"ImageObject\",\"inLanguage\":\"sv-SE\",\"@id\":\"https:\\\/\\\/www.bestservicesgrancanaria.com\\\/product\\\/recommended-private-yacht\\\/#primaryimage\",\"url\":\"https:\\\/\\\/www.bestservicesgrancanaria.com\\\/wp-content\\\/uploads\\\/magic1.jpg\",\"contentUrl\":\"https:\\\/\\\/www.bestservicesgrancanaria.com\\\/wp-content\\\/uploads\\\/magic1.jpg\",\"width\":900,\"height\":600,\"caption\":\"Catamaran,\"},{\"@type\":\"BreadcrumbList\",\"@id\":\"https:\\\/\\\/www.bestservicesgrancanaria.com\\\/product\\\/recommended-private-yacht\\\/#breadcrumb\",\"itemListElement\":[{\"@type\":\"ListItem\",\"position\":1,\"name\":\"Home\",\"item\":\"https:\\\/\\\/www.bestservicesgrancanaria.com\\\/\"},{\"@type\":\"ListItem\",\"position\":2,\"name\":\"Shop\",\"item\":\"https:\\\/\\\/www.bestservicesgrancanaria.com\\\/sv\\\/handla\\\/\"},{\"@type\":\"ListItem\",\"position\":3,\"name\":\"Private Yacht Nirvana Dreams Private Charter\"}]},{\"@type\":\"WebSite\",\"@id\":\"https:\\\/\\\/www.bestservicesgrancanaria.com\\\/#website\",\"url\":\"https:\\\/\\\/www.bestservicesgrancanaria.com\\\/\",\"name\":\"Best Services Gran Canaria\",\"description\":\"Best Services Gran Canaria\",\"publisher\":{\"@id\":\"https:\\\/\\\/www.bestservicesgrancanaria.com\\\/#organization\"},\"potentialAction\":[{\"@type\":\"SearchAction\",\"target\":{\"@type\":\"EntryPoint\",\"urlTemplate\":\"https:\\\/\\\/www.bestservicesgrancanaria.com\\\/?s={search_term_string}\"},\"query-input\":{\"@type\":\"PropertyValueSpecification\",\"valueRequired\":true,\"valueName\":\"search_term_string\"}}],\"inLanguage\":\"sv-SE\"},{\"@type\":\"Organization\",\"@id\":\"https:\\\/\\\/www.bestservicesgrancanaria.com\\\/#organization\",\"name\":\"Best Services Gran Canaria\",\"url\":\"https:\\\/\\\/www.bestservicesgrancanaria.com\\\/\",\"logo\":{\"@type\":\"ImageObject\",\"inLanguage\":\"sv-SE\",\"@id\":\"https:\\\/\\\/www.bestservicesgrancanaria.com\\\/#\\\/schema\\\/logo\\\/image\\\/\",\"url\":\"https:\\\/\\\/www.bestservicesgrancanaria.com\\\/wp-content\\\/uploads\\\/bestservicesgc-logo.svg\",\"contentUrl\":\"https:\\\/\\\/www.bestservicesgrancanaria.com\\\/wp-content\\\/uploads\\\/bestservicesgc-logo.svg\",\"width\":500,\"height\":115,\"caption\":\"Best Services Gran Canaria\"},\"image\":{\"@id\":\"https:\\\/\\\/www.bestservicesgrancanaria.com\\\/#\\\/schema\\\/logo\\\/image\\\/\"},\"sameAs\":[\"https:\\\/\\\/www.facebook.com\\\/bestservicegrancanaria\",\"https:\\\/\\\/www.instagram.com\\\/bestservicesgrancanaria\\\/\"]}]}<\/script>\n<!-- \/ Yoast SEO plugin. -->","yoast_head_json":{"title":"Private Yacht Nirvana Dreams Private Charter - B\u00e4sta tj\u00e4nsterna Gran Canaria","robots":{"index":"index","follow":"follow","max-snippet":"max-snippet:-1","max-image-preview":"max-image-preview:large","max-video-preview":"max-video-preview:-1"},"canonical":"https:\/\/www.bestservicesgrancanaria.com\/sv\/produkt\/rekommenderad-privat-yacht\/","og_locale":"sv_SE","og_type":"article","og_title":"Private Yacht Nirvana Dreams Private Charter - Best Services Gran Canaria","og_description":"Nirvana Dreams Charter offers an unparalleled boat experience around the stunning island of Gran Canaria. Nestled in the heart of the Canary Islands, this charter service combines luxury with adventure, promising an unforgettable journey across azure waters.\u00a0","og_url":"https:\/\/www.bestservicesgrancanaria.com\/sv\/produkt\/rekommenderad-privat-yacht\/","og_site_name":"Best Services Gran Canaria","article_publisher":"https:\/\/www.facebook.com\/bestservicegrancanaria","article_modified_time":"2024-10-05T10:19:29+00:00","og_image":[{"width":900,"height":600,"url":"https:\/\/www.bestservicesgrancanaria.com\/wp-content\/uploads\/magic1.jpg","type":"image\/jpeg"}],"twitter_card":"summary_large_image","schema":{"@context":"https:\/\/schema.org","@graph":[{"@type":"WebPage","@id":"https:\/\/www.bestservicesgrancanaria.com\/product\/recommended-private-yacht\/","url":"https:\/\/www.bestservicesgrancanaria.com\/product\/recommended-private-yacht\/","name":"Private Yacht Nirvana Dreams Private Charter - B\u00e4sta tj\u00e4nsterna Gran Canaria","isPartOf":{"@id":"https:\/\/www.bestservicesgrancanaria.com\/#website"},"primaryImageOfPage":{"@id":"https:\/\/www.bestservicesgrancanaria.com\/product\/recommended-private-yacht\/#primaryimage"},"image":{"@id":"https:\/\/www.bestservicesgrancanaria.com\/product\/recommended-private-yacht\/#primaryimage"},"thumbnailUrl":"https:\/\/www.bestservicesgrancanaria.com\/wp-content\/uploads\/magic1.jpg","datePublished":"2024-06-27T09:04:32+00:00","dateModified":"2024-10-05T10:19:29+00:00","breadcrumb":{"@id":"https:\/\/www.bestservicesgrancanaria.com\/product\/recommended-private-yacht\/#breadcrumb"},"inLanguage":"sv-SE","potentialAction":[{"@type":"ReadAction","target":["https:\/\/www.bestservicesgrancanaria.com\/product\/recommended-private-yacht\/"]}]},{"@type":"ImageObject","inLanguage":"sv-SE","@id":"https:\/\/www.bestservicesgrancanaria.com\/product\/recommended-private-yacht\/#primaryimage","url":"https:\/\/www.bestservicesgrancanaria.com\/wp-content\/uploads\/magic1.jpg","contentUrl":"https:\/\/www.bestservicesgrancanaria.com\/wp-content\/uploads\/magic1.jpg","width":900,"height":600,"caption":"Catamaran,"},{"@type":"BreadcrumbList","@id":"https:\/\/www.bestservicesgrancanaria.com\/product\/recommended-private-yacht\/#breadcrumb","itemListElement":[{"@type":"ListItem","position":1,"name":"Home","item":"https:\/\/www.bestservicesgrancanaria.com\/"},{"@type":"ListItem","position":2,"name":"Shop","item":"https:\/\/www.bestservicesgrancanaria.com\/sv\/handla\/"},{"@type":"ListItem","position":3,"name":"Private Yacht Nirvana Dreams Private Charter"}]},{"@type":"WebSite","@id":"https:\/\/www.bestservicesgrancanaria.com\/#website","url":"https:\/\/www.bestservicesgrancanaria.com\/","name":"BEST Services Gran Canaria","description":"BEST Services Gran Canaria","publisher":{"@id":"https:\/\/www.bestservicesgrancanaria.com\/#organization"},"potentialAction":[{"@type":"SearchAction","target":{"@type":"EntryPoint","urlTemplate":"https:\/\/www.bestservicesgrancanaria.com\/?s={search_term_string}"},"query-input":{"@type":"PropertyValueSpecification","valueRequired":true,"valueName":"search_term_string"}}],"inLanguage":"sv-SE"},{"@type":"Organization","@id":"https:\/\/www.bestservicesgrancanaria.com\/#organization","name":"BEST Services Gran Canaria","url":"https:\/\/www.bestservicesgrancanaria.com\/","logo":{"@type":"ImageObject","inLanguage":"sv-SE","@id":"https:\/\/www.bestservicesgrancanaria.com\/#\/schema\/logo\/image\/","url":"https:\/\/www.bestservicesgrancanaria.com\/wp-content\/uploads\/bestservicesgc-logo.svg","contentUrl":"https:\/\/www.bestservicesgrancanaria.com\/wp-content\/uploads\/bestservicesgc-logo.svg","width":500,"height":115,"caption":"Best Services Gran Canaria"},"image":{"@id":"https:\/\/www.bestservicesgrancanaria.com\/#\/schema\/logo\/image\/"},"sameAs":["https:\/\/www.facebook.com\/bestservicegrancanaria","https:\/\/www.instagram.com\/bestservicesgrancanaria\/"]}]}},"_links":{"self":[{"href":"https:\/\/www.bestservicesgrancanaria.com\/sv\/wp-json\/wp\/v2\/product\/2375","targetHints":{"allow":["GET"]}}],"collection":[{"href":"https:\/\/www.bestservicesgrancanaria.com\/sv\/wp-json\/wp\/v2\/product"}],"about":[{"href":"https:\/\/www.bestservicesgrancanaria.com\/sv\/wp-json\/wp\/v2\/types\/product"}],"replies":[{"embeddable":true,"href":"https:\/\/www.bestservicesgrancanaria.com\/sv\/wp-json\/wp\/v2\/comments?post=2375"}],"wp:featuredmedia":[{"embeddable":true,"href":"https:\/\/www.bestservicesgrancanaria.com\/sv\/wp-json\/wp\/v2\/media\/1270"}],"wp:attachment":[{"href":"https:\/\/www.bestservicesgrancanaria.com\/sv\/wp-json\/wp\/v2\/media?parent=2375"}],"wp:term":[{"taxonomy":"product_brand","embeddable":true,"href":"https:\/\/www.bestservicesgrancanaria.com\/sv\/wp-json\/wp\/v2\/product_brand?post=2375"},{"taxonomy":"product_cat","embeddable":true,"href":"https:\/\/www.bestservicesgrancanaria.com\/sv\/wp-json\/wp\/v2\/product_cat?post=2375"},{"taxonomy":"product_tag","embeddable":true,"href":"https:\/\/www.bestservicesgrancanaria.com\/sv\/wp-json\/wp\/v2\/product_tag?post=2375"}],"curies":[{"name":"wp","href":"https:\/\/api.w.org\/{rel}","templated":true}]}}